{"id":1209,"date":"2024-12-14T13:58:40","date_gmt":"2024-12-14T18:58:40","guid":{"rendered":"https:\/\/sodadic.com\/?page_id=1209"},"modified":"2024-12-14T14:13:35","modified_gmt":"2024-12-14T19:13:35","slug":"atencion-juez","status":"publish","type":"page","link":"https:\/\/sodadic.com\/","title":{"rendered":"Atenci\u00f3n Juez"},"content":{"rendered":"\t\t<div data-elementor-type=\"wp-page\" data-elementor-id=\"1209\" class=\"elementor elementor-1209\">\n\t\t\t\t<div class=\"elementor-element elementor-element-662c687 e-flex e-con-boxed e-con e-parent\" data-id=\"662c687\" data-element_type=\"container\" data-e-type=\"container\">\n\t\t\t\t\t<div class=\"e-con-inner\">\n\t\t\t\t<div class=\"elementor-element elementor-element-8d97c64 elementor-widget elementor-widget-text-editor\" data-id=\"8d97c64\" data-element_type=\"widget\" data-e-type=\"widget\" data-widget_type=\"text-editor.default\">\n\t\t\t\t<div class=\"elementor-widget-container\">\n\t\t\t\t\t\t\t\t\t<p style=\"font-size: 16px; font-style: normal; font-weight: 400;\"><span style=\"font-weight: bold;\">COMUNICADO DE SODADIC SOBRE EL PREDIO CUERNAVACA Y LA RESOLUCI\u00d3N N\u00b0 1<\/span><\/p>\n<hr>\n<p><strong style=\"font-style: inherit; color: var( --e-global-color-text ); font-family: var( --e-global-typography-text-font-family ), Sans-serif; text-align: var(--text-align); background-color: var(--ast-global-color-5);\">Estimados jueces y autoridades competentes:<\/strong><\/p>\n<p>SODADIC, la Asociaci\u00f3n de Desplazados del Conflicto Armado, informa sobre la situaci\u00f3n jur\u00eddica del predio <em>Cuernavaca<\/em>, ubicado en Puerto Gait\u00e1n, Meta. Este terreno, fue adquirido para ofrecer estabilidad y oportunidades a los desplazados del conflicto, Desarrollando el programa siembra e industrializaci\u00f3n de mara\u00f1\u00f3n, SODADIC cuenta con bases de datos de uso exclusivo para llevar el control de sus afiliados y&nbsp; quienes son socios oficiales de nuestra asociaci\u00f3n.<\/p>\n<p><strong>Problemas Jur\u00eddicos y Falsificaci\u00f3n de Documentos:<\/strong><\/p>\n<p>Recientemente, se ha detectado la falsificaci\u00f3n de la <em>Resoluci\u00f3n N\u00b0 1<\/em>, Documentos de Compra Y Venta, entro otros, nos llamo la atenci\u00f3n de un documento legal que certifica los derechos posesorios de los socios de SODADIC. Esta falsificaci\u00f3n ha llevado a intentos de invasi\u00f3n ilegal del predio, afectando directamente a nuestros socios. Adem\u00e1s, se ha presentado una tutela contra SODADIC con documentos ap\u00f3crifos, lo que ha complicado la situaci\u00f3n legal.<\/p>\n<p><strong>Soporte Jur\u00eddico y Defensa:<\/strong><\/p>\n<p>En base a la <em>Sentencia T-781\/14<\/em> de la Corte Constitucional, la cual fue instaurada por PERSONAL OFICIAL DE SODADIC, y que protege a las v\u00edctimas del desplazamiento forzado, defendemos los derechos de nuestros socios sobre el predio. La sentencia reitera que cualquier acci\u00f3n judicial contra las v\u00edctimas del desplazamiento debe ser analizada cuidadosamente para evitar violaciones de sus derechos.<\/p>\n<p><strong>Acciones Legales de SODADIC:<\/strong><\/p>\n<p>SODADIC ha tomado medidas legales para proteger los derechos de los socios:<\/p>\n<ol>\n<li><em>Denuncias Penales<\/em>: Contra los responsables de falsificaci\u00f3n de documentos y de promover invasiones ilegales.<\/li>\n<li><em>Demandas Civiles<\/em>: Para recuperar el terreno y garantizar los derechos de posesi\u00f3n.<\/li>\n<li><em>Validaci\u00f3n de Documentos<\/em>: Solo el presidente de SODADIC certifica los documentos relacionados con la Resoluci\u00f3n N\u00b0 1.<\/li>\n<\/ol>\n<p><strong>Recomendaciones:<\/strong><\/p>\n<ul>\n<li><strong>Para los afiliados<\/strong>: Verifiquen cualquier documento relacionado con el predio a trav\u00e9s de SODADIC y reporten actividades sospechosas.<\/li>\n<li><strong>Para las autoridades<\/strong>: Solicitamos a los jueces que consideren cotejar los documentos presentados al correo oficial e investigar el contexto de desplazamiento forzado y las pruebas de falsificaci\u00f3n antes de iniciar procesos judiciales, para evitar decisiones que puedan legitimar actos fraudulentos.<\/li>\n<\/ul>\n<p>SODADIC reitera su compromiso con la defensa de los derechos de los desplazados y la protecci\u00f3n de sus recursos. Pedimos a las autoridades que act\u00faen conforme a los principios constitucionales y prioricen la protecci\u00f3n de las poblaciones vulnerables.<\/p>\n<hr>\t\t\t\t\t\t\t\t<\/div>\n\t\t\t\t<\/div>\n\t\t\t\t\t<\/div>\n\t\t\t\t<\/div>\n\t\t\t\t<\/div>\n\t\t","protected":false},"excerpt":{"rendered":"<p>COMUNICADO DE SODADIC SOBRE EL PREDIO CUERNAVACA Y LA RESOLUCI\u00d3N N\u00b0 1 Estimados jueces y autoridades competentes: SODADIC, la Asociaci\u00f3n [&hellip;]<\/p>\n","protected":false},"author":1,"featured_media":0,"parent":0,"menu_order":0,"comment_status":"closed","ping_status":"closed","template":"","meta":{"site-sidebar-layout":"no-sidebar","site-content-layout":"","ast-site-content-layout":"full-width-container","site-content-style":"default","site-sidebar-style":"default","ast-global-header-display":"","ast-banner-title-visibility":"","ast-main-header-display":"","ast-hfb-above-header-display":"","ast-hfb-below-header-display":"","ast-hfb-mobile-header-display":"","site-post-title":"disabled","ast-breadcrumbs-content":"","ast-featured-img":"disabled","footer-sml-layout":"","ast-disable-related-posts":"","theme-transparent-header-meta":"","adv-header-id-meta":"","stick-header-meta":"","header-above-stick-meta":"","header-main-stick-meta":"","header-below-stick-meta":"","astra-migrate-meta-layouts":"default","ast-page-background-enabled":"default","ast-page-background-meta":{"desktop":{"background-color":"var(--ast-global-color-4)","background-image":"","background-repeat":"repeat","background-position":"center center","background-size":"auto","background-attachment":"scroll","background-type":"","background-media":"","overlay-type":"","overlay-color":"","overlay-opacity":"","overlay-gradient":""},"tablet":{"background-color":"","background-image":"","background-repeat":"repeat","background-position":"center center","background-size":"auto","background-attachment":"scroll","background-type":"","background-media":"","overlay-type":"","overlay-color":"","overlay-opacity":"","overlay-gradient":""},"mobile":{"background-color":"","background-image":"","background-repeat":"repeat","background-position":"center center","background-size":"auto","background-attachment":"scroll","background-type":"","background-media":"","overlay-type":"","overlay-color":"","overlay-opacity":"","overlay-gradient":""}},"ast-content-background-meta":{"desktop":{"background-color":"var(--ast-global-color-5)","background-image":"","background-repeat":"repeat","background-position":"center center","background-size":"auto","background-attachment":"scroll","background-type":"","background-media":"","overlay-type":"","overlay-color":"","overlay-opacity":"","overlay-gradient":""},"tablet":{"background-color":"var(--ast-global-color-5)","background-image":"","background-repeat":"repeat","background-position":"center center","background-size":"auto","background-attachment":"scroll","background-type":"","background-media":"","overlay-type":"","overlay-color":"","overlay-opacity":"","overlay-gradient":""},"mobile":{"background-color":"var(--ast-global-color-5)","background-image":"","background-repeat":"repeat","background-position":"center center","background-size":"auto","background-attachment":"scroll","background-type":"","background-media":"","overlay-type":"","overlay-color":"","overlay-opacity":"","overlay-gradient":""}},"footnotes":""},"class_list":["post-1209","page","type-page","status-publish","hentry"],"_links":{"self":[{"href":"https:\/\/sodadic.com\/index.php\/wp-json\/wp\/v2\/pages\/1209","targetHints":{"allow":["GET"]}}],"collection":[{"href":"https:\/\/sodadic.com\/index.php\/wp-json\/wp\/v2\/pages"}],"about":[{"href":"https:\/\/sodadic.com\/index.php\/wp-json\/wp\/v2\/types\/page"}],"author":[{"embeddable":true,"href":"https:\/\/sodadic.com\/index.php\/wp-json\/wp\/v2\/users\/1"}],"replies":[{"embeddable":true,"href":"https:\/\/sodadic.com\/index.php\/wp-json\/wp\/v2\/comments?post=1209"}],"version-history":[{"count":16,"href":"https:\/\/sodadic.com\/index.php\/wp-json\/wp\/v2\/pages\/1209\/revisions"}],"predecessor-version":[{"id":1230,"href":"https:\/\/sodadic.com\/index.php\/wp-json\/wp\/v2\/pages\/1209\/revisions\/1230"}],"wp:attachment":[{"href":"https:\/\/sodadic.com\/index.php\/wp-json\/wp\/v2\/media?parent=1209"}],"curies":[{"name":"wp","href":"https:\/\/api.w.org\/{rel}","templated":true}]}}