{"id":78,"date":"2023-12-31T19:45:57","date_gmt":"2023-12-31T19:45:57","guid":{"rendered":"https:\/\/sodadic.com\/?page_id=78"},"modified":"2023-12-31T19:51:20","modified_gmt":"2023-12-31T19:51:20","slug":"proyecto","status":"publish","type":"page","link":"https:\/\/sodadic.com\/index.php\/proyecto\/","title":{"rendered":"PROYECTO 1"},"content":{"rendered":"\n<p><strong>SIEMBRA E INDUSTRIALIZACION SOCIAL DEL CAMPO. PROGRAMA DE SIEMBRA DE JATROPHA CURCAS PARA DESPLAZADOS Y POBLACION<\/strong><\/p>\n\n\n\n<p><\/p>\n\n\n\n<p>Las cifras de personas desplazadas internamente en Colombia, es la segunda mas alta despu\u00e9s Sudan. Actualmente existen m\u00e1s de 3,6 millones de personas, familias y sectores sociales, que han sido forzados a abandonar su lugar habitual de residencia o de trabajo, lo que equivale a un 9.1% , de la poblaci\u00f3n total en Colombia.<\/p>\n\n\n\n<p>El 76% de las personas desplazadas trabajaban la tierra para su auto-subsistencia y ten\u00edan al momento del \u00e9xodo forzado, derechos vinculados a la tierra, ya sea como propietarios, tenedores, ocupantes o poseedores&nbsp;. Este porcentaje es muy grande teniendo en cuenta que cifras oficiales estiman que en 2005, aproximadamente el 24% de la poblaci\u00f3n total viv\u00eda en el campo&nbsp;<\/p>\n\n\n\n<p>Algunos de los resultados obtenidos en la Encuesta Nacional de Verificaci\u00f3n (2007), denotan caracter\u00edsticas particulares que no se deber\u00edan desconocer, entre otros est\u00e1n:<\/p>\n\n\n\n<figure class=\"wp-block-table\"><table><tbody><tr><td>\u2022<\/td><td>La Encuesta se\u00f1ala que el 54,2% ha sido expulsado de zona rural, el 23,7% de cabecera municipal y el 21,0% de centro poblado.<\/td><\/tr><tr><td>\u2022<\/td><td>El 76,4% desea permanecer en el lugar actual, el 9,4% reubicarse o salir del pa\u00eds, y tan s\u00f3lo el 3,1% retornar.<\/td><\/tr><tr><td>\u2022<\/td><td>La edad promedio es 23,2 a\u00f1os. Los jefes\/as y sus c\u00f3nyuges tienen en promedio 40 a\u00f1os de edad, mientras que el resto tiene en promedio 14 a\u00f1os de edad. Se presenta un alto nivel de analfabetismo cercano al 13,9%.<\/td><\/tr><tr><td>\u2022<\/td><td>Un 54,3% de la poblaci\u00f3n desplazada es menor de 20 a\u00f1os, en contraste con un 40,2% en el caso de la poblaci\u00f3n colombiana.<\/td><\/tr><tr><td>\u2022<\/td><td>Un 3,7% de la poblaci\u00f3n se auto\u2014reconoce como ind\u00edgena y un 21,2% como negra o afro colombiana. La multiculturalidad y multietnicidad han de ser una alternativa.<\/td><\/tr><tr><td>\u2022<\/td><td>Colombia, posee uno de los marcos normativos e institucionales, mas avanzado del mundo en materia de protecci\u00f3n a los desplazados, reflejado en la promulgaci\u00f3n de la Ley 387 de 1997, mediante que establece medidas para la prevenci\u00f3n del desplazamiento forzado. El problema esencial del desplazamiento forzado en Colombia, no tiene que ver entonces con la falta de mecanismos de protecci\u00f3n en el ordenamiento jur\u00eddico, sino porque este, no ha sido aplicado efectivamente, debido a la falta de decisi\u00f3n pol\u00edtica de las autoridades nacionales y territoriales<\/td><\/tr><\/tbody><\/table><\/figure>\n\n\n\n<p>Otro obst\u00e1culo que tiene la poblaci\u00f3n desplazada para la acceder a la protecci\u00f3n estatal, es el tr\u00e1mite como se efect\u00faa el registro de las personas desplazadas.<\/p>\n\n\n\n<p>Desde 1999 el Representante Francis M. Deng, lo se\u00f1alo como prolongado y complicado, adem\u00e1s de contener disposiciones que no favorecen a la poblaci\u00f3n desplazada. El Sistema utilizado por el Estado colombiano, no registra los desplazamientos intraurbanos, ni los causados por fumigaciones, tampoco tiene e en cuenta a las personas desplazadas, que por razones de temor o incredulidad frente a la respuesta estatal no reclaman atenci\u00f3n. Tampoco cumple con la misi\u00f3n de identificar las caracter\u00edsticas de la poblaci\u00f3n desplazada, en especial de los grupos con necesidades particulares (etnia, edad, mujeres cabeza de familia), y contribuir a evaluar y dise\u00f1ar la pol\u00edtica para la protecci\u00f3n de sus derechos. El subregistro de la poblaci\u00f3n desplazada, es estimado seg\u00fan cifras oficiales 30%&nbsp;[<a href=\"http:\/\/www.colectivodeabogados.org\/EL-DESPLAZAMIENTO-INTERNO-EN#nb6\">6<\/a>]<\/p>\n\n\n\n<p>Adem\u00e1s de esto , solo el 71% de los desplazados que declaran, son inscritos en el Sistema de registro y s\u00f3lo el 56% de estos ,recibe asistencia, quienes deben esperar despu\u00e9s de su registro hasta tres meses para recibir una ayuda gubernamental. <em>&nbsp;<\/em><em><\/em><\/p>\n\n\n\n<figure class=\"wp-block-table\"><table><tbody><tr><td>Las situaciones que motivan la salida en orden de frecuencia: Las amenazas directas (82.2%) relacionadas con reclutamiento forzado del jefe del hogar y\/o los hijos e hijas. Las amenazas indirectas (27.8%), las cuales son relacionadas por las personas con: combates, situaciones de tensi\u00f3n, alteraciones del orden p\u00fablico, miedo generalizado, masacres, asesinatos y desapariciones en lugares cercanos a su lugar de vivienda.&#8221; La din\u00e1mica regional evidencia que al interior de dichas regiones el desplazamiento se realiza hacia las cabeceras municipales o hacia las principales ciudades, teniendo para la regi\u00f3n Andina a Bogot\u00e1 como la mayor receptora, con el 26.5% del total; en la regi\u00f3n \u2014 zona bananera aparece Santa Marta con el 43%; en Montes de Mar\u00eda aparece Sincelejo como el lugar adonde llega mayor poblaci\u00f3n con un 39%; en la regi\u00f3n de frontera con el Ecuador la ciudad de Pasto es la que m\u00e1s poblaci\u00f3n recibe con un 13.3%; en la frontera con Venezuela es la ciudad de C\u00facuta con el 36.1%; en la regi\u00f3n del Magdalena medio es Bucaramanga con el 11.9%; para la regi\u00f3n del Pac\u00edfico central aparece Medell\u00edn como la principal ciudad receptora con el 25%; en el Pacifico Sur es Cali con el 34.6%; en el Piedemonte la ciudad que m\u00e1s poblaci\u00f3n recibe es Villavicencio con un 38.5% y, por \u00faltimo, en la regi\u00f3n de Urab\u00e1 vuelve a ser Medell\u00edn la ciudad que m\u00e1s recibe con un 30.84%. La expulsi\u00f3n de poblaci\u00f3n es un fen\u00f3meno presente en todos los municipios del pa\u00eds; los 1.098 expulsan poblaci\u00f3n, mientras que la recepci\u00f3n se hace en 80,6% (885) de los municipios.&#8221; A esta cifra se suma la arrojada por el \u00edndice de Impacto demogr\u00e1fico &nbsp; Este tipo de soluci\u00f3n tambi\u00e9n le permite al desplazado la reproducci\u00f3n de las condiciones de subsistencia, ya que la vivienda informal no es exclusiva para descansar y alojarse, sino que es ante todo una unidad productiva que permite la generaci\u00f3n de ingresos. Se debe resaltar que el problema de fondo se constituye en una suma de falencias donde lo fundamental no resulta ser la vivienda y la obtenci\u00f3n de un h\u00e1bitat digno, sino la generaci\u00f3n estable de ingresos para la reconstrucci\u00f3n de procesos y relaciones vitales en todos los \u00e1mbitos que configuran la vida de cualquier persona. Bajo esta consideraci\u00f3n cabe observar que usualmente los desplazados no son objeto de bancarizaci\u00f3n, como tampoco sujetos de cr\u00e9dito &nbsp; Se debe resaltar que el problema de fondo se constituye en una suma de falencias donde lo fundamental no resulta ser la vivienda y la obtenci\u00f3n de un h\u00e1bitat digno, sino la generaci\u00f3n estable de ingresos para la reconstrucci\u00f3n de procesos y relaciones vitales en todos los \u00e1mbitos que configuran la vida de cualquier persona.&nbsp; Se&#8221;(&#8230;) debe partir de un principio de solidaridad basado en la redistribuci\u00f3n del ingreso, en la financiaci\u00f3n progresiva del gasto p\u00fablico y en la adopci\u00f3n de un modelo de desarrollo que permita la reactivaci\u00f3n plena de la econom\u00eda.&#8221; En este sentido,&nbsp; es claro que la denominada tenencia segura no es sin\u00f3nimo de propiedad. No por garantizar un documento o una acci\u00f3n puntual el Estado puede asumir que ha cumplido con el papel de garante de dicho derecho. La propiedad, ya sea individual o colectiva, solamente se restablece cuando es sostenible y para eso es preciso que los habitantes puedan restituir relaciones que les permitan asumir roles productivos a trav\u00e9s del restablecimiento del derecho al empleo y la formaci\u00f3n, entre otros. Se entiende por Unidad Agr\u00edcola Familiar (UAF), la empresa b\u00e1sica de producci\u00f3n agr\u00edcola, pecuaria, acu\u00edcola o forestal cuya extensi\u00f3n, conforme a las condiciones agro ecol\u00f3gicas de la zona y con tecnolog\u00eda adecuada, permite a la familia remunerar su trabajo y disponer de un excedente capitalizable que coadyuve a la formaci\u00f3n de su patrimonio&#8221;, ley 160 de 1994. Art\u00edculo 38. Los cr\u00e9ditos que se brindan a la poblaci\u00f3n desplazada por parte de FINAGRO gozan de ciertas condiciones como son <em><\/em>&nbsp;Cr\u00e9ditos que integren a peque\u00f1os y otros productores Hasta DTF (EA) + 7 Para cr\u00e9ditos con plazos iguales o superiores a diez (10) a\u00f1os y capitalicen intereses la tasa de colocaci\u00f3n se podr\u00e1 incrementar solo en algunos puntos . Capital de Trabajo para comercializadores o transformadores que adquieren la producci\u00f3n obtenida en proyectos financiados con cr\u00e9ditos asociativos o la absorci\u00f3n de cosecha nacional en programas definidos por el Ministerio de Agricultura y Desarrollo Rural: DTF e.a. hasta + 7%.Cr\u00e9ditos que integren a peque\u00f1os y otros productores: Hasta 100% de los costos directos en proyectos de Adecuaci\u00f3n de Tierras y hasta 80% de los costos directos del proyecto para las dem\u00e1s actividades. &nbsp; <strong><sup>&nbsp;<\/sup><\/strong> <em><sup>&nbsp;<\/sup><\/em><\/td><\/tr><\/tbody><\/table><\/figure>\n","protected":false},"excerpt":{"rendered":"<p>SIEMBRA E INDUSTRIALIZACION SOCIAL DEL CAMPO. PROGRAMA DE SIEMBRA DE JATROPHA CURCAS PARA DESPLAZADOS Y POBLACION Las cifras de personas [&hellip;]<\/p>\n","protected":false},"author":1,"featured_media":0,"parent":0,"menu_order":0,"comment_status":"closed","ping_status":"closed","template":"","meta":{"site-sidebar-layout":"default","site-content-layout":"","ast-site-content-layout":"default","site-content-style":"default","site-sidebar-style":"default","ast-global-header-display":"","ast-banner-title-visibility":"","ast-main-header-display":"","ast-hfb-above-header-display":"","ast-hfb-below-header-display":"","ast-hfb-mobile-header-display":"","site-post-title":"","ast-breadcrumbs-content":"","ast-featured-img":"","footer-sml-layout":"","ast-disable-related-posts":"","theme-transparent-header-meta":"","adv-header-id-meta":"","stick-header-meta":"","header-above-stick-meta":"","header-main-stick-meta":"","header-below-stick-meta":"","astra-migrate-meta-layouts":"default","ast-page-background-enabled":"default","ast-page-background-meta":{"desktop":{"background-color":"var(--ast-global-color-4)","background-image":"","background-repeat":"repeat","background-position":"center center","background-size":"auto","background-attachment":"scroll","background-type":"","background-media":"","overlay-type":"","overlay-color":"","overlay-opacity":"","overlay-gradient":""},"tablet":{"background-color":"","background-image":"","background-repeat":"repeat","background-position":"center center","background-size":"auto","background-attachment":"scroll","background-type":"","background-media":"","overlay-type":"","overlay-color":"","overlay-opacity":"","overlay-gradient":""},"mobile":{"background-color":"","background-image":"","background-repeat":"repeat","background-position":"center center","background-size":"auto","background-attachment":"scroll","background-type":"","background-media":"","overlay-type":"","overlay-color":"","overlay-opacity":"","overlay-gradient":""}},"ast-content-background-meta":{"desktop":{"background-color":"var(--ast-global-color-5)","background-image":"","background-repeat":"repeat","background-position":"center center","background-size":"auto","background-attachment":"scroll","background-type":"","background-media":"","overlay-type":"","overlay-color":"","overlay-opacity":"","overlay-gradient":""},"tablet":{"background-color":"var(--ast-global-color-5)","background-image":"","background-repeat":"repeat","background-position":"center center","background-size":"auto","background-attachment":"scroll","background-type":"","background-media":"","overlay-type":"","overlay-color":"","overlay-opacity":"","overlay-gradient":""},"mobile":{"background-color":"var(--ast-global-color-5)","background-image":"","background-repeat":"repeat","background-position":"center center","background-size":"auto","background-attachment":"scroll","background-type":"","background-media":"","overlay-type":"","overlay-color":"","overlay-opacity":"","overlay-gradient":""}},"footnotes":""},"class_list":["post-78","page","type-page","status-publish","hentry"],"_links":{"self":[{"href":"https:\/\/sodadic.com\/index.php\/wp-json\/wp\/v2\/pages\/78","targetHints":{"allow":["GET"]}}],"collection":[{"href":"https:\/\/sodadic.com\/index.php\/wp-json\/wp\/v2\/pages"}],"about":[{"href":"https:\/\/sodadic.com\/index.php\/wp-json\/wp\/v2\/types\/page"}],"author":[{"embeddable":true,"href":"https:\/\/sodadic.com\/index.php\/wp-json\/wp\/v2\/users\/1"}],"replies":[{"embeddable":true,"href":"https:\/\/sodadic.com\/index.php\/wp-json\/wp\/v2\/comments?post=78"}],"version-history":[{"count":3,"href":"https:\/\/sodadic.com\/index.php\/wp-json\/wp\/v2\/pages\/78\/revisions"}],"predecessor-version":[{"id":83,"href":"https:\/\/sodadic.com\/index.php\/wp-json\/wp\/v2\/pages\/78\/revisions\/83"}],"wp:attachment":[{"href":"https:\/\/sodadic.com\/index.php\/wp-json\/wp\/v2\/media?parent=78"}],"curies":[{"name":"wp","href":"https:\/\/api.w.org\/{rel}","templated":true}]}}